{"id":12807,"date":"2021-08-15T13:36:57","date_gmt":"2021-08-15T11:36:57","guid":{"rendered":"https:\/\/www.tvettingen.ch\/extranet\/?page_id=12807"},"modified":"2025-08-09T16:52:23","modified_gmt":"2025-08-09T14:52:23","slug":"registration-schnaellscht-ettiger","status":"publish","type":"page","link":"https:\/\/www.tvettingen.ch\/extranet\/registration-schnaellscht-ettiger\/","title":{"rendered":"Registration &#8211; Schn\u00e4llscht Ettiger"},"content":{"rendered":"<p><div class=\"fusion-fullwidth fullwidth-box fusion-builder-row-1 fusion-flex-container nonhundred-percent-fullwidth non-hundred-percent-height-scrolling\" style=\"--awb-border-radius-top-left:0px;--awb-border-radius-top-right:0px;--awb-border-radius-bottom-right:0px;--awb-border-radius-bottom-left:0px;--awb-flex-wrap:wrap;\" ><div class=\"fusion-builder-row fusion-row fusion-flex-align-items-flex-start fusion-flex-content-wrap\" style=\"max-width:1144px;margin-left: calc(-4% \/ 2 );margin-right: calc(-4% \/ 2 );\"><div class=\"fusion-layout-column fusion_builder_column fusion-builder-column-0 fusion_builder_column_1_1 1_1 fusion-flex-column\" style=\"--awb-bg-size:cover;--awb-width-large:100%;--awb-margin-top-large:0px;--awb-spacing-right-large:1.92%;--awb-margin-bottom-large:0px;--awb-spacing-left-large:1.92%;--awb-width-medium:100%;--awb-spacing-right-medium:1.92%;--awb-spacing-left-medium:1.92%;--awb-width-small:100%;--awb-spacing-right-small:1.92%;--awb-spacing-left-small:1.92%;\"><div class=\"fusion-column-wrapper fusion-flex-justify-content-flex-start fusion-content-layout-column\"><div class=\"fusion-title title fusion-title-1 fusion-sep-none fusion-title-center fusion-title-text fusion-title-size-one\"><h1 class=\"fusion-title-heading title-heading-center fusion-responsive-typography-calculated\" style=\"margin:0;--fontSize:34;line-height:1.4;\">Schn\u00e4llscht Ettiger Anmeldung 2025<\/h1><\/div><div class=\"fusion-text fusion-text-1\"><h2 style=\"text-align: center;\">Nicht mehr Lange dann erklingt der Startschuss. Die Online-Registration ist abgeschlossen, falls Sie noch ein Kind anmelden m\u00f6chten, tun Sie dies bitte vor Ort.<\/h2>\n<h2 style=\"text-align: center;\">Wir danken f\u00fcr Ihr Verst\u00e4ndnis und w\u00fcnschen allen Teilnehmenden viel Erfolg.<\/h2>\n<\/div><\/div><\/div><\/div><\/div><\/p>\n","protected":false},"excerpt":{"rendered":"","protected":false},"author":5,"featured_media":0,"parent":0,"menu_order":0,"comment_status":"closed","ping_status":"closed","template":"","meta":{"ngg_post_thumbnail":0,"footnotes":""},"class_list":["post-12807","page","type-page","status-publish","hentry"],"_links":{"self":[{"href":"https:\/\/www.tvettingen.ch\/extranet\/wp-json\/wp\/v2\/pages\/12807","targetHints":{"allow":["GET"]}}],"collection":[{"href":"https:\/\/www.tvettingen.ch\/extranet\/wp-json\/wp\/v2\/pages"}],"about":[{"href":"https:\/\/www.tvettingen.ch\/extranet\/wp-json\/wp\/v2\/types\/page"}],"author":[{"embeddable":true,"href":"https:\/\/www.tvettingen.ch\/extranet\/wp-json\/wp\/v2\/users\/5"}],"replies":[{"embeddable":true,"href":"https:\/\/www.tvettingen.ch\/extranet\/wp-json\/wp\/v2\/comments?post=12807"}],"version-history":[{"count":11,"href":"https:\/\/www.tvettingen.ch\/extranet\/wp-json\/wp\/v2\/pages\/12807\/revisions"}],"predecessor-version":[{"id":17415,"href":"https:\/\/www.tvettingen.ch\/extranet\/wp-json\/wp\/v2\/pages\/12807\/revisions\/17415"}],"wp:attachment":[{"href":"https:\/\/www.tvettingen.ch\/extranet\/wp-json\/wp\/v2\/media?parent=12807"}],"curies":[{"name":"wp","href":"https:\/\/api.w.org\/{rel}","templated":true}]}}